{"id":461,"date":"2019-03-15T15:39:42","date_gmt":"2019-03-15T15:39:42","guid":{"rendered":"https:\/\/www.wennernotariat.de\/impressum\/"},"modified":"2021-01-13T11:33:47","modified_gmt":"2021-01-13T11:33:47","slug":"legal-notice","status":"publish","type":"page","link":"https:\/\/www.wennernotarin.de\/en\/legal-notice\/","title":{"rendered":"Legal notice"},"content":{"rendered":"\n<h3 class=\"wp-block-heading\" id=\"legal-notice\">Legal notice<br><\/h3>\n\n\n\n<p>Notary <br>Dr. Sibylle Wenner LLM (LSE)<br>Perusastra\u00dfe 5 \/ 2nd floor (lift)<br> 80333 Munich<br> T +49 89 90 42 177 0<br> F +49 89 90 42 177 99<br><a href=\"mailto: info@wennernotarin.de\"> info@wennernotarin.de<\/a><\/p>\n\n\n\n<p>Successor in office of Dr. Helmut Stummer since 01\/03\/2005<br>Joint office with Dr. Friedrich Schalkhau\u00dfer 01\/03\/2005 till 28\/02\/2010<br>Joint office with Dr. Markus Riemenschneider 01\/03\/2010 till 30\/04\/2019<\/p>\n\n\n\n<p>USt.-IdNr.: DE322679456<\/p>\n\n\n\n<p>Responsible for the content of the internet site:<br>Notary Dr. Sibylle Wenner LLM (LSE)<\/p>\n\n\n\n<h4 class=\"wp-block-heading\">Complementary information according to Sec. 6 of Teledienstgesetz (TDG)<\/h4>\n\n\n\n<h4 class=\"wp-block-heading\">Competent supervisory authorities<\/h4>\n\n\n\n<p>President of Munich Regional Court I<br>Prielmayerstra\u00dfe 7, 80335 M\u00fcnchen<br>T +49 89 5597 03<br>Bavarian Chamber of Notaries<br>Ottostra\u00dfe 10, 80333 M\u00fcnchen<br>(temporary: Denninger Str. 169, 81925 M\u00fcnchen)<br>T +49 89 55166 0<\/p>\n\n\n\n<h4 class=\"wp-block-heading\">Authorising authority<\/h4>\n\n\n\n<p>The statutory occupational title \u201cnotary\u201d was awarded to Notary Dr. Sibylle Wenner LLM (LSE) by the Ministry for Justice of the State of Bavaria 80097 M\u00fcnchen<br>T +49 89 5597 01<\/p>\n\n\n\n<h4 class=\"wp-block-heading\">Professional Codes of Conduct<\/h4>\n\n\n\n<p>The applicable professional codes of conduct for notaries are:<br>German Federal Notary Act (BNotO)<br>German Notarization Act (BeurkG)<br>German Court Fee Rules (KostO) till 31.07.2013 an for closed cases German Court and Notarial Fee Rules (GNotKG) from 01.08.2013 Official Regulations for Notaries \/ Public Notice Pertaining to the Affairs of Notaries in Bavaria <\/p>\n\n\n\n<p>Professional codes of conduct may be found on the internet at:<br>www.notare.bayern.de (go to: Landesnotarkammer \/ Berufsrecht).<\/p>\n\n\n\n<h4 class=\"wp-block-heading\">Datenschutzerkl\u00e4rung (Privacy Notice)<br><strong>(<\/strong><em><strong>only available in German<\/strong><\/em><strong>)<\/strong><br><\/h4>\n\n\n\n<p>Vertraulichkeit und Schutz der Privatsph\u00e4re von Mandanten sind in der Notarstelle besonders wichtig. Deshalb m\u00f6chte ich meine Mandanten hiermit dar\u00fcber informieren, welche ihrer personenbezogenen Daten nach der EU-Datenschutz-Grundverordnung (DSGVO) an meiner Notarstelle verarbeitet werden und welche Rechte Mandanten bez\u00fcglich ihrer Daten haben.<\/p>\n\n\n\n<ol class=\"wp-block-list\"><li>Verantwortlichkeit f\u00fcr die Datenverarbeitung<br>Verantwortliche Stelle im Sinne der DSGVO f\u00fcr die Verarbeitung der personenbezogenen Daten ist: Notarin Dr. Sibylle Wenner, Perusastr. 5, 80333 M\u00fcnchen.<br>Den Datenschutzbeauftragten erreichen Sie wei folgt: per Post: Datenschutzbeauftragter c\/o Notarin Dr. Sibylle Wenner, Perusastr. 5, 80333 M\u00fcnchen, E-Mail: datenschutz@wennernotarin.de.<\/li><li>Zweck der Datenverarbeitung<br>Die personenbezogenen Daten werden bei der Wahrnehmung der dem Notar gesetzlich \u00fcbertragenen Aufgaben verarbeitet. Diese Datenverarbeitung erfolgt auf Anfrage des Mandanten und ist f\u00fcr die Bearbeitung des jeweiligen Anliegens sowie zur Erf\u00fcllung von Informations- und Antragspflichten erforderlich.<\/li><li>Kategorien personenbezogener Daten, Rechtsgrundlagen f\u00fcr deren Verarbeitung<br>Personenbezogene Daten, die in der Notarstelle verarbeitet werden, sind alle Daten, die auf einen Mandanten pers\u00f6nlich beziehbar sind. Dazu geh\u00f6ren insbesondere folgende Daten: <ul><li>allgemeine Personendaten wie Name, Vorname, Titel, Geburtsdatum, Geburtsort, Geschlecht, Familienstand, G\u00fcterstand, Staatsangeh\u00f6rigkeit, Wohnadresse, Gesch\u00e4ftsadresse, E-Mail-Adresse, Telefonnummer, u.a<\/li><li>Kennnummern wie Personalausweisnummer, Reisepassnummer, Steueridentifikationsnummer, F\u00fchrerschein, u.a<\/li><li>Bankdaten wie Kreditinstitut, Bankverbindung, Kreditinformationen, u.a.<br>Verm\u00f6gensverh\u00e4ltnisse wie Immobilieneigentum, sonstige Rechte an Grundst\u00fccken, Gesellschaftsbeteiligungen, Versicherungen, Einkommen, Renteninformationen, sonstiges bewegliches Verm\u00f6gen, u.a. Rechtsgrundlage f\u00fcr die Verarbeitung personenbezogener Daten ist Art. 6 Abs. 1 lit. c) und e) DSGVO, Art. 4 Bayerisches Datenschutzgesetz i.V.m. der Dienstordnung f\u00fcr Notare (DONot).<br>Die Datenverarbeitung ist gem\u00e4\u00df Art. 6 Abs. 1 lit. c) und e ) DSGVO rechtm\u00e4\u00dfig, wenn diese zur Erf\u00fcllung einer rechtlichen Verpflichtung erforderlich ist, der der Verantwortliche unterliegt, oder wenn diese in Wahrnehmung einer Aufgabe erforderlich ist, die im \u00f6ffentlichen Interesse liegt oder in Aus\u00fcbung \u00f6ffentlicher Gewalt erfolgt, die dem Verantwortlichen \u00fcbertragen wurde. <br>F\u00fcr ein ordnungsgem\u00e4\u00dfes Verfahren nach dem Beurkundungsgesetz (BeurkG) k\u00f6nnen gem\u00e4\u00df Art. 9 Abs. 2 lit. g) DSGVO i.V.m. \u00a7\u00a7 11, 17, 22 ff., 28 BeurkG besondere Kategorien von personenbezogenen Daten verarbeitet werden, z.B. Angaben zu Behinderungen (Seh-, H\u00f6r-, Schreibbehinderungen), sexueller Orientierung und Gesundheitsdaten. <br>Bei \u00f6ffentlich zug\u00e4nglichen Quellen werden personenbezogene Daten vom Notariat erhoben, z.B. beim Amtsgericht (grundst\u00fccksbezogene Daten beim Grundbuchamt,  Registerdaten beim Handelsregister). Dar\u00fcber hinaus werden Daten aus sonstigen Quellen erhoben, z.B. bei Gl\u00e4ubigern. Dies geschieht jeweils nur auf Grundlage einer vorherigen Veranlassung durch den Mandanten und zur Bearbeitung dessen konkreten Anliegens und zur Erf\u00fcllung von gesetzlichen Pflichten oder von hoheitlichen T\u00e4tigkeiten.<\/li><\/ul><\/li><li>Empf\u00e4nger der Daten <br>Die Notarstelle \u00fcbermittelt personenbezogene Daten von Mandanten nur dann an Dritte, wenn dies gesetzlich erlaubt und erforderlich ist, oder wenn der Mandant ausdr\u00fccklich darin eingewilligt hat. Empf\u00e4nger von personenbezogenen Daten k\u00f6nnen beispielsweise Grundbuchamt, Handelsregister, Finanzamt, Zentrales Testamentsregister, Zentrales Vorsorgeregister, andere Notare, Kreditinstitute oder Notarkasse sein. An sonstige private Dritte werden personenbezogenen Daten nur \u00fcbermittelt, wenn der Mandant ausdr\u00fccklich darin eingewilligt hat.<br>Eine \u00dcbermittlung von personenbezogenen Daten kann au\u00dferdem an weitere berechtigte Empf\u00e4nger erfolgen, insbesondere an von der Notarstelle als Auftragsverarbeiter nach Art. 28 DSGVO beauftragte Dienstleister, beispielsweise IT-Dienstleister, Anbieter von Notariatssoftware, Finanzbuchhaltung.<\/li><li>Speicherung der Daten<br>Daten werden entsprechend den gesetzlichen Aufbewahrungsfristen aufbewahrt. Die Aufbewahrungsfristen richten sich vor allem nach der DONot sowie der Abgabenordnung (AO) und sind vom Verarbeitungszweck abh\u00e4ngig. So betr\u00e4gt z.B. die Aufbewahrungsfrist f\u00fcr Buchungsbelege 10 Jahre ab Empfang bzw. Versand der Korrespondenz und Erfassung in der Finanzbuchhaltung (\u00a7 257 Handelsgesetzbuch (HGB) i.V.m. \u00a7 147 AO) oder f\u00fcr Urkundenrolle, Erbvertragsverzeichnis, Namensverzeichnis zur Urkundenrolle und Urkundesammlung 100 Jahre oder f\u00fcr Nebenakten 7 Jahre (\u00a7 5 Abs. 4 DONot).<\/li><li>Rechte des Mandanten<br> Jeder Mandant hat gegen\u00fcber der Notarstelle folgende Rechte betreffend seine personenbezogenen Daten:<ul><li>Auskunft \u00fcber die den Mandanten betreffenden personenbezogenen Daten (Art. 15 DSGVO)<\/li><li>Berichtigung von den Mandanten betreffenden unrichtigen personenbezogenen Daten (Art. 16 DSGVO)<\/li><li>L\u00f6schung von personenbezogenen Daten (Art. 17 DSGVO)<br>Einschr\u00e4nkung der Verarbeitung von personenbezogenen Daten (Art. 18 DSGVO)<\/li><li>Widerspruch gegen die Verarbeitung von personenbezogenen Daten (Art. 21 DSGVO)<\/li><\/ul><\/li><\/ol>\n\n\n\n<p>Die vorstehenden Rechte finden nur insoweit Anwendung, als nicht gem\u00e4\u00df \u00a7 18 Bundesnotarordnung (BNotO) der Notar zur Verschwiegenheit verpflichtet ist. Die Verarbeitung von personenbezogenen Daten eines Mandanten erfolgt immer auf der Grundlage von gesetzlichen Regelungen. Nur in Ausnahmef\u00e4llen ben\u00f6tigt die Notarstelle die ausdr\u00fcckliche Einwilligung des Mandanten. In diesen F\u00e4llen hat der Mandant zus\u00e4tzlich das Recht, die Einwilligung f\u00fcr die zuk\u00fcnftige Verarbeitung zu widerrufen (Art. 7 Abs. 3 DSGVO). Die bisherige Rechtm\u00e4\u00dfigkeit der Verarbeitung wird durch diesen Widerruf nicht ber\u00fchrt.<\/p>\n\n\n\n<p>Jeder Mandant hat ferner das Recht, sich an die zust\u00e4ndige Aufsichtsbeh\u00f6rde f\u00fcr den Datenschutz zu wenden, wenn er der Ansicht ist, dass die Verarbeitung von personenbezogenen Daten nicht rechtm\u00e4\u00dfig erfolgt.<\/p>\n\n\n\n<p>Die Anschrift der zust\u00e4ndigen Aufsichtsbeh\u00f6rde lautet: Der Bayerische Landesbeauftragte f\u00fcr den Datenschutz, Wagm\u00fcllerstr. 18, 80538 M\u00fcnchen.<\/p>\n\n\n\n<p>Notarin <br>Dr. Sibylle Wenner LL.M. (LSE)<br> Perusastr. 5 \/ II<br> 80333 M\u00fcnchen<\/p>\n\n\n\n<p><\/p>\n\n\n\n<p><\/p>\n\n\n\n<h4 class=\"wp-block-heading\">Notices<\/h4>\n\n\n\n<p>The content of this internet site was assembled carefully. However, it only constitutes a general overview and cannot replace an individual consultation concerning an individual case. Despite diligent review, no liability whatsoever shall be assumed with respect to links to third-party sites, for the contents of which solely the providers of such sites are responsible.<\/p>\n\n\n\n<p>\u00a9 Copyright 2019 Notary Dr. Wenner LL.M. (LSE)<\/p>\n","protected":false},"excerpt":{"rendered":"<p>Legal notice Notary Dr. Sibylle Wenner LLM (LSE)Perusastra\u00dfe 5 \/ 2nd floor (lift) 80333 Munich T +49 89 90 42 177 0 F +49 89 90 42 177 99 info@wennernotarin.de Successor in office of Dr. Helmut Stummer since 01\/03\/2005Joint office with Dr. Friedrich Schalkhau\u00dfer 01\/03\/2005 till 28\/02\/2010Joint office with Dr. Markus Riemenschneider 01\/03\/2010 till 30\/04\/2019 [&hellip;]<\/p>\n","protected":false},"author":1,"featured_media":712,"parent":0,"menu_order":60,"comment_status":"closed","ping_status":"closed","template":"","meta":{"_acf_changed":false,"footnotes":""},"class_list":["post-461","page","type-page","status-publish","has-post-thumbnail","hentry"],"acf":[],"_links":{"self":[{"href":"https:\/\/www.wennernotarin.de\/en\/wp-json\/wp\/v2\/pages\/461"}],"collection":[{"href":"https:\/\/www.wennernotarin.de\/en\/wp-json\/wp\/v2\/pages"}],"about":[{"href":"https:\/\/www.wennernotarin.de\/en\/wp-json\/wp\/v2\/types\/page"}],"author":[{"embeddable":true,"href":"https:\/\/www.wennernotarin.de\/en\/wp-json\/wp\/v2\/users\/1"}],"replies":[{"embeddable":true,"href":"https:\/\/www.wennernotarin.de\/en\/wp-json\/wp\/v2\/comments?post=461"}],"version-history":[{"count":28,"href":"https:\/\/www.wennernotarin.de\/en\/wp-json\/wp\/v2\/pages\/461\/revisions"}],"predecessor-version":[{"id":1391,"href":"https:\/\/www.wennernotarin.de\/en\/wp-json\/wp\/v2\/pages\/461\/revisions\/1391"}],"wp:featuredmedia":[{"embeddable":true,"href":"https:\/\/www.wennernotarin.de\/en\/wp-json\/wp\/v2\/media\/712"}],"wp:attachment":[{"href":"https:\/\/www.wennernotarin.de\/en\/wp-json\/wp\/v2\/media?parent=461"}],"curies":[{"name":"wp","href":"https:\/\/api.w.org\/{rel}","templated":true}]}}